{"id":4914,"date":"2024-01-05T12:52:45","date_gmt":"2024-01-05T11:52:45","guid":{"rendered":"https:\/\/www.ikerlogan.com\/?page_id=4914"},"modified":"2025-06-19T11:52:33","modified_gmt":"2025-06-19T09:52:33","slug":"declaracion-de-privacidad","status":"publish","type":"page","link":"https:\/\/www.ikerlogan.com\/en\/declaracion-de-privacidad\/","title":{"rendered":"PRIVACY STATEMENT"},"content":{"rendered":"<p>[et_pb_section fb_built=\u00bb1&#8243; admin_label=\u00bbHeader\u00bb _builder_version=\u00bb4.23.1&#8243; _module_preset=\u00bbdefault\u00bb use_background_color_gradient=\u00bbon\u00bb background_color_gradient_stops=\u00bbrgba(255,0,0,0.71) 26%|rgba(46,91,97,0) 100%\u00bb background_color_gradient_overlays_image=\u00bbon\u00bb background_image=\u00bbhttps:\/\/www.ikerlogan.com\/wp-content\/uploads\/2024\/01\/politica-de-privacidad.webp\u00bb background_position=\u00bbtop_center\u00bb background_vertical_offset=\u00bb0%\u00bb custom_padding=\u00bb||16vw||false|false\u00bb collapsed=\u00bbon\u00bb global_colors_info=\u00bb{}\u00bb][et_pb_row _builder_version=\u00bb4.17.3&#8243; _module_preset=\u00bbdefault\u00bb width=\u00bb70%\u00bb width_tablet=\u00bb80%\u00bb width_phone=\u00bb80%\u00bb width_last_edited=\u00bbon|tablet\u00bb global_colors_info=\u00bb{}\u00bb][et_pb_column type=\u00bb4_4&#8243; _builder_version=\u00bb4.17.1&#8243; _module_preset=\u00bbdefault\u00bb global_colors_info=\u00bb{}\u00bb][et_pb_text _builder_version=\u00bb4.25.2&#8243; _module_preset=\u00bbc16985e1-e0d6-4022-964d-e2bfc04fa633&#8243; header_font=\u00bbAcme|700||||on|||\u00bb header_text_color=\u00bb#E1ECEA\u00bb header_font_size=\u00bb98px\u00bb header_line_height=\u00bb1.1em\u00bb text_orientation=\u00bbcenter\u00bb module_alignment=\u00bbcenter\u00bb custom_margin=\u00bb||0px||false|false\u00bb header_font_size_tablet=\u00bb52px\u00bb header_font_size_phone=\u00bb42px\u00bb header_font_size_last_edited=\u00bbon|desktop\u00bb inline_fonts=\u00bbAcme,Roboto Condensed\u00bb global_colors_info=\u00bb{}\u00bb]<\/p>\n<h1><span style=\"font-family: Roboto Condensed;\">DECLARACI\u00d3N DE PRIVACIDAD<br \/><\/span><\/h1>\n<p>[\/et_pb_text][\/et_pb_column][\/et_pb_row][et_pb_row _builder_version=\u00bb4.17.3&#8243; _module_preset=\u00bbdefault\u00bb positioning=\u00bbabsolute\u00bb position_origin_a=\u00bbbottom_center\u00bb vertical_offset=\u00bb-1px\u00bb width=\u00bb100%\u00bb max_width=\u00bb100%\u00bb custom_padding=\u00bb||0px||false|false\u00bb global_colors_info=\u00bb{}\u00bb][et_pb_column type=\u00bb4_4&#8243; _builder_version=\u00bb4.17.3&#8243; _module_preset=\u00bbdefault\u00bb global_colors_info=\u00bb{}\u00bb][et_pb_image src=\u00bbhttps:\/\/www.ikerlogan.com\/wp-content\/uploads\/2023\/11\/therapy-17.png\u00bb title_text=\u00bbtherapy 17&#8243; force_fullwidth=\u00bbon\u00bb _builder_version=\u00bb4.17.3&#8243; _module_preset=\u00bbdefault\u00bb global_colors_info=\u00bb{}\u00bb][\/et_pb_image][\/et_pb_column][\/et_pb_row][\/et_pb_section][et_pb_section fb_built=\u00bb1&#8243; admin_label=\u00bbFAQ\u00bb _builder_version=\u00bb4.17.3&#8243; _module_preset=\u00bbdefault\u00bb top_divider_flip=\u00bbhorizontal\u00bb collapsed=\u00bbon\u00bb global_colors_info=\u00bb{}\u00bb][et_pb_row custom_padding_last_edited=\u00bbon|desktop\u00bb _builder_version=\u00bb4.23.1&#8243; _module_preset=\u00bbdefault\u00bb use_background_color_gradient=\u00bbon\u00bb background_color_gradient_stops=\u00bb#e5e8f0 45%|rgba(229,232,240,0) 80%\u00bb custom_margin=\u00bb-15vw||||false|true\u00bb custom_margin_tablet=\u00bb-21vw||||false|false\u00bb custom_margin_phone=\u00bb||||false|false\u00bb custom_margin_last_edited=\u00bboff|desktop\u00bb custom_padding=\u00bb80px|80px|80px|80px|true|true\u00bb custom_padding_tablet=\u00bb30px|32px|30px|32px|true|true\u00bb custom_padding_phone=\u00bb20px|33px|20px|33px|true|true\u00bb global_colors_info=\u00bb{}\u00bb][et_pb_column type=\u00bb4_4&#8243; _builder_version=\u00bb4.17.3&#8243; _module_preset=\u00bbdefault\u00bb global_colors_info=\u00bb{}\u00bb][et_pb_text _builder_version=\u00bb4.27.4&#8243; _module_preset=\u00bbdefault\u00bb hover_enabled=\u00bb0&#8243; global_colors_info=\u00bb{}\u00bb sticky_enabled=\u00bb0&#8243;]<\/p>\n<p>En esta web valoramos la privacidad de nuestros usuarios y estamos comprometidos con la protecci\u00f3n de sus datos personales. Esta declaraci\u00f3n explica nuestras pr\u00e1cticas en relaci\u00f3n con la recopilaci\u00f3n, uso y protecci\u00f3n de la informaci\u00f3n personal.<\/p>\n<p>&nbsp;<\/p>\n<h2>Recopilaci\u00f3n de Datos Personales<\/h2>\n<p>Recopilamos informaci\u00f3n personal cuando:<\/p>\n<ul>\n<li>El usuario se registra en nuestro sitio o utiliza nuestros servicios.<\/li>\n<li>El usuario se comunica con nosotros a trav\u00e9s de correo electr\u00f3nico, redes sociales o otros medios.<\/li>\n<\/ul>\n<p>&nbsp;<\/p>\n<p>Los datos que podr\u00e1n ser recopilados incluyen, pero no se limitan a:<br \/>&#8211; Nombre y apellido.<br \/>&#8211; Direcci\u00f3n de correo electr\u00f3nico.<\/p>\n<p>&#8211; Tel\u00e9fono.<br \/>&#8211; Informaci\u00f3n de contacto.<br \/>&#8211; Datos de navegaci\u00f3n y preferencias de uso.<\/p>\n<p>&nbsp;<\/p>\n<h2>Uso de Datos Personales<\/h2>\n<p>Utilizamos los datos personales para:<\/p>\n<ul>\n<li>Proporcionar, operar y mantener nuestros servicios.<\/li>\n<li>Mejorar, personalizar y expandir nuestros servicios.<\/li>\n<li>Comprender y analizar c\u00f3mo se utilizan nuestros servicios.<\/li>\n<li>Comunicarnos con los usuarios para proporcionar actualizaciones y soporte al cliente.<\/li>\n<li>Enviar informaci\u00f3n promocional y de marketing, sujeta al consentimiento del usuario.<\/li>\n<\/ul>\n<p>&nbsp;<\/p>\n<h2>Compartir y Divulgar de Datos<\/h2>\n<p>No vendemos ni alquilamos datos personales a terceros. Podemos compartir informaci\u00f3n con:<\/p>\n<ul>\n<li>Para poner en contacto a compradores interesados con los vendedores.<\/li>\n<li>Entidades legales, en respuesta a procesos legales como \u00f3rdenes judiciales o citaciones.<\/li>\n<\/ul>\n<p>&nbsp;<\/p>\n<h2>Seguridad de Datos<\/h2>\n<p>Tomamos medidas de seguridad adecuadas para proteger contra el acceso no autorizado, la alteraci\u00f3n, divulgaci\u00f3n o destrucci\u00f3n de datos personales. Sin embargo, ninguna transmisi\u00f3n de datos por Internet o almacenamiento de informaci\u00f3n es completamente segura, por lo que no podemos garantizar la seguridad absoluta.<\/p>\n<p>&nbsp;<\/p>\n<h2>Derechos del Usuario<\/h2>\n<p>Los usuarios tienen derecho a:<\/p>\n<ul>\n<li>Acceder, corregir o eliminar su informaci\u00f3n personal.<\/li>\n<li>Restringir u oponerse al procesamiento de sus datos.<\/li>\n<li>Retirar su consentimiento en cualquier momento.<\/li>\n<li>Presentar una queja ante una autoridad de control.<\/li>\n<\/ul>\n<p>&nbsp;<\/p>\n<h2>Cambios en la Declaraci\u00f3n de Privacidad<\/h2>\n<p>Nos reservamos el derecho de modificar esta declaraci\u00f3n de privacidad en cualquier momento. Los cambios entrar\u00e1n en vigor inmediatamente despu\u00e9s de su publicaci\u00f3n en nuestro sitio web. Recomendamos a los usuarios revisar peri\u00f3dicamente esta declaraci\u00f3n.<\/p>\n<p>&nbsp;<\/p>\n<h3>Contacto<\/h3>\n<p>Si tiene preguntas o inquietudes sobre nuestra pol\u00edtica de privacidad o pr\u00e1cticas de datos, cont\u00e1ctenos a trav\u00e9s de cualquiera de los botones que encontrar\u00e1 a pie de p\u00e1gina.<\/p>\n<p>&nbsp;<\/p>\n<h4>Fecha de la \u00daltima Actualizaci\u00f3n<\/h4>\n<p>Esta declaraci\u00f3n de privacidad fue actualizada por \u00faltima vez el 20\/06\/2025.<\/p>\n<p>[\/et_pb_text][\/et_pb_column][\/et_pb_row][et_pb_row column_structure=\u00bb1_4,1_4,1_4,1_4&#8243; _builder_version=\u00bb4.17.3&#8243; _module_preset=\u00bbdefault\u00bb global_colors_info=\u00bb{}\u00bb][et_pb_column type=\u00bb1_4&#8243; _builder_version=\u00bb4.17.3&#8243; _module_preset=\u00bbdefault\u00bb custom_padding_tablet=\u00bb||30px||false|false\u00bb custom_padding_phone=\u00bb||30px||false|false\u00bb custom_padding_last_edited=\u00bbon|tablet\u00bb global_colors_info=\u00bb{}\u00bb][et_pb_icon font_icon=\u00bb&#xe010;||divi||400&#8243; icon_color=\u00bb#FFFFFF\u00bb icon_width=\u00bb50px\u00bb url=\u00bbmailto:%20contacto@ikerlogan.com\u00bb url_new_window=\u00bbon\u00bb _builder_version=\u00bb4.23.1&#8243; _module_preset=\u00bbdefault\u00bb background_color=\u00bb#FF0000&#8243; custom_padding=\u00bb30px|30px|30px|30px|true|true\u00bb border_radii=\u00bbon|100px|100px|100px|100px\u00bb global_colors_info=\u00bb{}\u00bb][\/et_pb_icon][et_pb_text _builder_version=\u00bb4.23.1&#8243; _module_preset=\u00bb4827deed-2a92-4d97-a22f-f01067ae6873&#8243; text_text_color=\u00bb#000000&#8243; header_font=\u00bb||||||||\u00bb header_4_font=\u00bbInter|700|||||||\u00bb header_4_text_color=\u00bb#22434A\u00bb header_4_line_height=\u00bb1.6em\u00bb text_orientation=\u00bbcenter\u00bb module_alignment=\u00bbcenter\u00bb custom_margin=\u00bb||0px||false|false\u00bb header_4_font_size_tablet=\u00bb20px\u00bb header_4_font_size_phone=\u00bb16px\u00bb header_4_font_size_last_edited=\u00bbon|phone\u00bb global_colors_info=\u00bb{}\u00bb]<\/p>\n<h4><span style=\"color: #000000;\">Hazme tu pregunta<\/span><\/h4>\n<p>[\/et_pb_text][\/et_pb_column][et_pb_column type=\u00bb1_4&#8243; _builder_version=\u00bb4.17.1&#8243; _module_preset=\u00bbdefault\u00bb global_colors_info=\u00bb{}\u00bb][et_pb_icon font_icon=\u00bb&#xf232;||fa||400&#8243; icon_color=\u00bb#FFFFFF\u00bb icon_width=\u00bb50px\u00bb url=\u00bbhttps:\/\/api.whatsapp.com\/send\/?phone=34602544339&#038;text&#038;type=phone_number&#038;app_absent=0&#8243; url_new_window=\u00bbon\u00bb _builder_version=\u00bb4.23.1&#8243; _module_preset=\u00bbdefault\u00bb background_color=\u00bb#FF0000&#8243; custom_padding=\u00bb30px|33px|30px|33px|true|true\u00bb border_radii=\u00bbon|100px|100px|100px|100px\u00bb global_colors_info=\u00bb{}\u00bb][\/et_pb_icon][et_pb_text _builder_version=\u00bb4.23.1&#8243; _module_preset=\u00bb4827deed-2a92-4d97-a22f-f01067ae6873&#8243; header_font=\u00bb||||||||\u00bb header_4_font=\u00bbInter|700|||||||\u00bb header_4_text_color=\u00bb#22434A\u00bb header_4_line_height=\u00bb1.6em\u00bb text_orientation=\u00bbcenter\u00bb module_alignment=\u00bbcenter\u00bb custom_margin=\u00bb||0px||false|false\u00bb custom_padding=\u00bb||0px|||\u00bb header_4_font_size_tablet=\u00bb20px\u00bb header_4_font_size_phone=\u00bb16px\u00bb header_4_font_size_last_edited=\u00bbon|phone\u00bb global_colors_info=\u00bb{}\u00bb]<\/p>\n<h4><span style=\"color: #000000;\">Whatsapp<\/span><\/h4>\n<p>[\/et_pb_text][\/et_pb_column][et_pb_column type=\u00bb1_4&#8243; _builder_version=\u00bb4.23.1&#8243; _module_preset=\u00bbdefault\u00bb global_colors_info=\u00bb{}\u00bb][et_pb_icon font_icon=\u00bb&#xe09a;||divi||400&#8243; icon_color=\u00bb#FFFFFF\u00bb icon_width=\u00bb50px\u00bb url=\u00bbhttps:\/\/www.instagram.com\/direct\/t\/111306870295986&#8243; url_new_window=\u00bbon\u00bb _builder_version=\u00bb4.23.1&#8243; _module_preset=\u00bbdefault\u00bb background_color=\u00bb#FF0000&#8243; custom_padding=\u00bb30px|30px|30px|30px|true|true\u00bb border_radii=\u00bbon|100px|100px|100px|100px\u00bb global_colors_info=\u00bb{}\u00bb][\/et_pb_icon][et_pb_text _builder_version=\u00bb4.23.1&#8243; _module_preset=\u00bb4827deed-2a92-4d97-a22f-f01067ae6873&#8243; header_font=\u00bb||||||||\u00bb header_4_font=\u00bbInter|700|||||||\u00bb header_4_text_color=\u00bb#22434A\u00bb header_4_line_height=\u00bb1.6em\u00bb text_orientation=\u00bbcenter\u00bb module_alignment=\u00bbcenter\u00bb custom_margin=\u00bb||0px||false|false\u00bb header_4_font_size_tablet=\u00bb20px\u00bb header_4_font_size_phone=\u00bb16px\u00bb header_4_font_size_last_edited=\u00bbon|phone\u00bb global_colors_info=\u00bb{}\u00bb]<\/p>\n<h4><span style=\"color: #000000;\">DM a Instagram<\/span><\/h4>\n<p>[\/et_pb_text][\/et_pb_column][et_pb_column type=\u00bb1_4&#8243; _builder_version=\u00bb4.23.1&#8243; _module_preset=\u00bbdefault\u00bb global_colors_info=\u00bb{}\u00bb][et_pb_icon font_icon=\u00bb&#xe093;||divi||400&#8243; icon_color=\u00bb#FFFFFF\u00bb icon_width=\u00bb50px\u00bb url=\u00bbhttps:\/\/www.facebook.com\/messages\/t\/100042184908626?locale=es_ES\u00bb url_new_window=\u00bbon\u00bb _builder_version=\u00bb4.23.1&#8243; _module_preset=\u00bbdefault\u00bb background_color=\u00bb#FF0000&#8243; custom_padding=\u00bb30px|30px|30px|30px|true|true\u00bb border_radii=\u00bbon|100px|100px|100px|100px\u00bb global_colors_info=\u00bb{}\u00bb][\/et_pb_icon][et_pb_text _builder_version=\u00bb4.23.1&#8243; _module_preset=\u00bb4827deed-2a92-4d97-a22f-f01067ae6873&#8243; header_font=\u00bb||||||||\u00bb header_4_font=\u00bbInter|700|||||||\u00bb header_4_text_color=\u00bb#22434A\u00bb header_4_line_height=\u00bb1.6em\u00bb text_orientation=\u00bbcenter\u00bb module_alignment=\u00bbcenter\u00bb custom_margin=\u00bb||0px||false|false\u00bb header_4_font_size_tablet=\u00bb20px\u00bb header_4_font_size_phone=\u00bb16px\u00bb header_4_font_size_last_edited=\u00bbon|phone\u00bb global_colors_info=\u00bb{}\u00bb]<\/p>\n<h4><span style=\"color: #000000;\">DM a Facebook<\/span><\/h4>\n<p>[\/et_pb_text][\/et_pb_column][\/et_pb_row][\/et_pb_section][et_pb_section fb_built=\u00bb1&#8243; admin_label=\u00bbFooter\u00bb _builder_version=\u00bb4.23.1&#8243; _module_preset=\u00bbdefault\u00bb background_color=\u00bb#840909&#8243; custom_padding=\u00bb22px||16px|||\u00bb saved_tabs=\u00bball\u00bb collapsed=\u00bbon\u00bb global_colors_info=\u00bb{}\u00bb][et_pb_row _builder_version=\u00bb4.22.0&#8243; _module_preset=\u00bbdefault\u00bb global_colors_info=\u00bb{}\u00bb][et_pb_column type=\u00bb4_4&#8243; _builder_version=\u00bb4.22.0&#8243; _module_preset=\u00bbdefault\u00bb global_colors_info=\u00bb{}\u00bb][et_pb_social_media_follow _builder_version=\u00bb4.23.1&#8243; _module_preset=\u00bbdefault\u00bb text_orientation=\u00bbcenter\u00bb custom_margin=\u00bb||10px||false|false\u00bb text_orientation_tablet=\u00bbcenter\u00bb text_orientation_phone=\u00bbcenter\u00bb text_orientation_last_edited=\u00bbon|phone\u00bb global_colors_info=\u00bb{}\u00bb][et_pb_social_media_follow_network social_network=\u00bbfacebook\u00bb url=\u00bbhttps:\/\/www.facebook.com\/iker.logan.999&#8243; _builder_version=\u00bb4.23.1&#8243; _module_preset=\u00bbdefault\u00bb global_colors_info=\u00bb{}\u00bb follow_button=\u00bboff\u00bb url_new_window=\u00bbon\u00bb]facebook[\/et_pb_social_media_follow_network][et_pb_social_media_follow_network social_network=\u00bbtwitter\u00bb url=\u00bbhttps:\/\/twitter.com\/iker_logan\u00bb _builder_version=\u00bb4.23.1&#8243; _module_preset=\u00bbdefault\u00bb global_colors_info=\u00bb{}\u00bb follow_button=\u00bboff\u00bb url_new_window=\u00bbon\u00bb]twitter[\/et_pb_social_media_follow_network][et_pb_social_media_follow_network social_network=\u00bbinstagram\u00bb url=\u00bbhttps:\/\/www.instagram.com\/iker_logan\/\u00bb _builder_version=\u00bb4.23.1&#8243; _module_preset=\u00bbdefault\u00bb global_colors_info=\u00bb{}\u00bb follow_button=\u00bboff\u00bb url_new_window=\u00bbon\u00bb]instagram[\/et_pb_social_media_follow_network][et_pb_social_media_follow_network social_network=\u00bbtiktok\u00bb url=\u00bbhttps:\/\/www.tiktok.com\/@ikerloganoficial\u00bb _builder_version=\u00bb4.23.1&#8243; _module_preset=\u00bbdefault\u00bb background_enable_color=\u00bboff\u00bb global_colors_info=\u00bb{}\u00bb follow_button=\u00bboff\u00bb url_new_window=\u00bbon\u00bb]tiktok[\/et_pb_social_media_follow_network][\/et_pb_social_media_follow][et_pb_text _builder_version=\u00bb4.23.1&#8243; _module_preset=\u00bb4bc9a6ba-24d3-4167-b1c5-d8a1dfb87601&#8243; header_3_font=\u00bbBayon|700||on|||||\u00bb header_3_text_color=\u00bb#FFFFFF\u00bb text_orientation=\u00bbcenter\u00bb custom_margin=\u00bb||0px|||\u00bb text_font_size_phone=\u00bb24px\u00bb text_orientation_tablet=\u00bbcenter\u00bb text_orientation_phone=\u00bbcenter\u00bb text_orientation_last_edited=\u00bbon|desktop\u00bb global_colors_info=\u00bb{}\u00bb]<\/p>\n<h3><a href=\"#\">IKER LOGAN. Figuras de coleccionismo<\/a><\/h3>\n<p>[\/et_pb_text][et_pb_text _builder_version=\u00bb4.23.1&#8243; _dynamic_attributes=\u00bbcontent\u00bb _module_preset=\u00bbe3ea7b30-cb63-4901-ab69-a427bb3f9962&#8243; text_font=\u00bbRoboto Condensed||||||||\u00bb text_text_color=\u00bb#FFFFFF\u00bb text_orientation=\u00bbcenter\u00bb global_colors_info=\u00bb{}\u00bb]@ET-DC@eyJkeW5hbWljIjp0cnVlLCJjb250ZW50IjoiY3VycmVudF9kYXRlIiwic2V0dGluZ3MiOnsiYmVmb3JlIjoiQ29weXJpZ2h0ICZjb3B5OyAiLCJhZnRlciI6Ii4gVG9kb3MgbG9zIGRlcmVjaG9zIHJlc2VydmFkb3MuIiwiZGF0ZV9mb3JtYXQiOiJjdXN0b20iLCJjdXN0b21fZGF0ZV9mb3JtYXQiOiJZIn19@[\/et_pb_text][\/et_pb_column][\/et_pb_row][et_pb_row column_structure=\u00bb1_3,1_3,1_3&#8243; _builder_version=\u00bb4.23.1&#8243; _module_preset=\u00bbdefault\u00bb module_alignment=\u00bbcenter\u00bb global_colors_info=\u00bb{}\u00bb][et_pb_column type=\u00bb1_3&#8243; _builder_version=\u00bb4.22.0&#8243; _module_preset=\u00bbdefault\u00bb global_colors_info=\u00bb{}\u00bb][et_pb_text _builder_version=\u00bb4.23.1&#8243; _module_preset=\u00bb58a914d1-a099-4880-afc7-1d5a48714c2d\u00bb header_5_font=\u00bbBayon|700|||||||\u00bb header_5_text_color=\u00bb#FFFFFF\u00bb text_orientation=\u00bbcenter\u00bb custom_margin=\u00bb||10px||false|false\u00bb text_orientation_tablet=\u00bbcenter\u00bb text_orientation_phone=\u00bbcenter\u00bb text_orientation_last_edited=\u00bbon|phone\u00bb global_colors_info=\u00bb{}\u00bb]<\/p>\n<h5>CATEGOR\u00cdAS<\/h5>\n<p>[\/et_pb_text][et_pb_text _builder_version=\u00bb4.27.4&#8243; _module_preset=\u00bbe3ea7b30-cb63-4901-ab69-a427bb3f9962&#8243; text_font=\u00bbRoboto Condensed||||||||\u00bb text_text_color=\u00bb#FFFFFF\u00bb link_text_color=\u00bb#FFFFFF\u00bb text_orientation=\u00bbcenter\u00bb custom_margin=\u00bb||10px||false|false\u00bb global_colors_info=\u00bb{}\u00bb]<\/p>\n<p><a href=\"https:\/\/www.ikerlogan.com\/figuras-de-coleccionismo\/\" target=\"_blank\" rel=\"noopener\">Figuras de Coleccionismo (2\u00aa mano)<\/a><a href=\"https:\/\/www.ikerlogan.com\/merchandising\/\" target=\"_blank\" rel=\"noopener\"><\/a><\/p>\n<p>[\/et_pb_text][\/et_pb_column][et_pb_column type=\u00bb1_3&#8243; _builder_version=\u00bb4.22.0&#8243; _module_preset=\u00bbdefault\u00bb global_colors_info=\u00bb{}\u00bb][et_pb_text _builder_version=\u00bb4.23.1&#8243; _module_preset=\u00bb58a914d1-a099-4880-afc7-1d5a48714c2d\u00bb text_font=\u00bbBayon||||||||\u00bb header_5_font=\u00bbRoboto Condensed|700|||||||\u00bb header_5_text_color=\u00bb#FFFFFF\u00bb text_orientation=\u00bbcenter\u00bb custom_margin=\u00bb||10px||false|false\u00bb global_colors_info=\u00bb{}\u00bb]<\/p>\n<h5>INFO<\/h5>\n<p>[\/et_pb_text][et_pb_text _builder_version=\u00bb4.23.1&#8243; _module_preset=\u00bbe3ea7b30-cb63-4901-ab69-a427bb3f9962&#8243; text_font=\u00bbRoboto Condensed||||||||\u00bb text_text_color=\u00bb#FFFFFF\u00bb link_text_color=\u00bb#FFFFFF\u00bb text_orientation=\u00bbcenter\u00bb custom_margin=\u00bb||10px||false|false\u00bb global_colors_info=\u00bb{}\u00bb]<\/p>\n<p><a href=\"https:\/\/www.ikerlogan.com\/\">Home<\/a><\/p>\n<p>[\/et_pb_text][et_pb_text _builder_version=\u00bb4.23.1&#8243; _module_preset=\u00bbe3ea7b30-cb63-4901-ab69-a427bb3f9962&#8243; text_font=\u00bbRoboto Condensed||||||||\u00bb text_text_color=\u00bb#FFFFFF\u00bb link_text_color=\u00bb#FFFFFF\u00bb text_orientation=\u00bbcenter\u00bb custom_margin=\u00bb||10px||false|false\u00bb global_colors_info=\u00bb{}\u00bb]<\/p>\n<p><a href=\"https:\/\/api.whatsapp.com\/send\/?phone=34602544339&amp;text&amp;type=phone_number&amp;app_absent=0\" target=\"_blank\" rel=\"noopener\">Contacta con Iker Logan<\/a><\/p>\n<p>[\/et_pb_text][et_pb_text _builder_version=\u00bb4.23.1&#8243; _module_preset=\u00bbe3ea7b30-cb63-4901-ab69-a427bb3f9962&#8243; text_font=\u00bbRoboto Condensed||||||||\u00bb text_text_color=\u00bb#FFFFFF\u00bb link_text_color=\u00bb#FFFFFF\u00bb text_orientation=\u00bbcenter\u00bb custom_margin=\u00bb||10px||false|false\u00bb global_colors_info=\u00bb{}\u00bb]<\/p>\n<p><a href=\"https:\/\/www.ikerlogan.com\/faq\/\" target=\"_blank\" rel=\"noopener\">FAQ<\/a><\/p>\n<p>[\/et_pb_text][et_pb_text _builder_version=\u00bb4.23.1&#8243; _module_preset=\u00bbe3ea7b30-cb63-4901-ab69-a427bb3f9962&#8243; text_font=\u00bbRoboto Condensed||||||||\u00bb text_text_color=\u00bb#FFFFFF\u00bb link_text_color=\u00bb#FFFFFF\u00bb text_orientation=\u00bbcenter\u00bb custom_margin=\u00bb||10px||false|false\u00bb global_colors_info=\u00bb{}\u00bb]<\/p>\n<p><a href=\"https:\/\/www.ikerlogan.com\/aviso-legal\/\" target=\"_blank\" rel=\"noopener\">Aviso Legal<\/a><\/p>\n<p>[\/et_pb_text][et_pb_text _builder_version=\u00bb4.23.1&#8243; _module_preset=\u00bbe3ea7b30-cb63-4901-ab69-a427bb3f9962&#8243; text_font=\u00bbRoboto Condensed||||||||\u00bb text_text_color=\u00bb#FFFFFF\u00bb link_text_color=\u00bb#FFFFFF\u00bb text_orientation=\u00bbcenter\u00bb custom_margin=\u00bb||10px||false|false\u00bb global_colors_info=\u00bb{}\u00bb]<\/p>\n<p><a href=\"https:\/\/www.ikerlogan.com\/declaracion-de-privacidad\/\" target=\"_blank\" rel=\"noopener\">Declaraci\u00f3n de Privacidad<\/a><\/p>\n<p>[\/et_pb_text][\/et_pb_column][et_pb_column type=\u00bb1_3&#8243; _builder_version=\u00bb4.22.0&#8243; _module_preset=\u00bbdefault\u00bb global_colors_info=\u00bb{}\u00bb][et_pb_text _builder_version=\u00bb4.23.1&#8243; _module_preset=\u00bb58a914d1-a099-4880-afc7-1d5a48714c2d\u00bb text_font=\u00bbBayon||||||||\u00bb header_5_font=\u00bbRoboto Condensed|700|||||||\u00bb header_5_text_color=\u00bb#FFFFFF\u00bb text_orientation=\u00bbcenter\u00bb custom_margin=\u00bb||10px||false|false\u00bb global_colors_info=\u00bb{}\u00bb]<\/p>\n<h5>FOLLOW<\/h5>\n<p>[\/et_pb_text][et_pb_text _builder_version=\u00bb4.23.1&#8243; _module_preset=\u00bbe3ea7b30-cb63-4901-ab69-a427bb3f9962&#8243; text_font=\u00bbRoboto Condensed||||||||\u00bb text_text_color=\u00bb#FFFFFF\u00bb link_text_color=\u00bb#FFFFFF\u00bb text_orientation=\u00bbcenter\u00bb custom_margin=\u00bb||10px||false|false\u00bb global_colors_info=\u00bb{}\u00bb]<\/p>\n<p><a href=\"https:\/\/www.instagram.com\/iker_logan\/\" target=\"_blank\" rel=\"noopener\">Instagram<\/a><\/p>\n<p>[\/et_pb_text][et_pb_text _builder_version=\u00bb4.23.1&#8243; _module_preset=\u00bbe3ea7b30-cb63-4901-ab69-a427bb3f9962&#8243; text_font=\u00bbRoboto Condensed||||||||\u00bb text_text_color=\u00bb#FFFFFF\u00bb link_text_color=\u00bb#FFFFFF\u00bb text_orientation=\u00bbcenter\u00bb custom_margin=\u00bb||10px||false|false\u00bb global_colors_info=\u00bb{}\u00bb]<\/p>\n<p><a href=\"https:\/\/twitter.com\/iker_logan\" target=\"_blank\" rel=\"noopener\">Twitter<\/a><\/p>\n<p>[\/et_pb_text][et_pb_text _builder_version=\u00bb4.23.1&#8243; _module_preset=\u00bbe3ea7b30-cb63-4901-ab69-a427bb3f9962&#8243; text_font=\u00bbRoboto Condensed||||||||\u00bb text_text_color=\u00bb#FFFFFF\u00bb link_text_color=\u00bb#FFFFFF\u00bb text_orientation=\u00bbcenter\u00bb custom_margin=\u00bb||10px||false|false\u00bb global_colors_info=\u00bb{}\u00bb]<\/p>\n<p><a href=\"https:\/\/www.facebook.com\/iker.logan.999\" target=\"_blank\" rel=\"noopener\">Facebook<\/a><\/p>\n<p>[\/et_pb_text][et_pb_text _builder_version=\u00bb4.23.1&#8243; _module_preset=\u00bbe3ea7b30-cb63-4901-ab69-a427bb3f9962&#8243; text_font=\u00bbRoboto Condensed||||||||\u00bb text_text_color=\u00bb#FFFFFF\u00bb link_text_color=\u00bb#FFFFFF\u00bb text_orientation=\u00bbcenter\u00bb custom_margin=\u00bb||10px||false|false\u00bb global_colors_info=\u00bb{}\u00bb]<\/p>\n<p><a href=\"https:\/\/www.tiktok.com\/@ikerloganoficial\" target=\"_blank\" rel=\"noopener\">TikTok<\/a><\/p>\n<p>[\/et_pb_text][\/et_pb_column][\/et_pb_row][\/et_pb_section]<\/p>\n","protected":false},"excerpt":{"rendered":"<p>DECLARACI\u00d3N DE PRIVACIDADEn esta web valoramos la privacidad de nuestros usuarios y estamos comprometidos con la protecci\u00f3n de sus datos personales. Esta declaraci\u00f3n explica nuestras pr\u00e1cticas en relaci\u00f3n con la recopilaci\u00f3n, uso y protecci\u00f3n de la informaci\u00f3n personal. &nbsp; Recopilaci\u00f3n de Datos Personales Recopilamos informaci\u00f3n personal cuando: El usuario se registra en nuestro sitio o [&hellip;]<\/p>\n","protected":false},"author":1,"featured_media":0,"parent":0,"menu_order":0,"comment_status":"closed","ping_status":"closed","template":"","meta":{"_et_pb_use_builder":"on","_et_pb_old_content":"","_et_gb_content_width":"","_joinchat":[],"footnotes":""},"class_list":["post-4914","page","type-page","status-publish","hentry"],"_links":{"self":[{"href":"https:\/\/www.ikerlogan.com\/en\/wp-json\/wp\/v2\/pages\/4914","targetHints":{"allow":["GET"]}}],"collection":[{"href":"https:\/\/www.ikerlogan.com\/en\/wp-json\/wp\/v2\/pages"}],"about":[{"href":"https:\/\/www.ikerlogan.com\/en\/wp-json\/wp\/v2\/types\/page"}],"author":[{"embeddable":true,"href":"https:\/\/www.ikerlogan.com\/en\/wp-json\/wp\/v2\/users\/1"}],"replies":[{"embeddable":true,"href":"https:\/\/www.ikerlogan.com\/en\/wp-json\/wp\/v2\/comments?post=4914"}],"version-history":[{"count":1,"href":"https:\/\/www.ikerlogan.com\/en\/wp-json\/wp\/v2\/pages\/4914\/revisions"}],"predecessor-version":[{"id":26957,"href":"https:\/\/www.ikerlogan.com\/en\/wp-json\/wp\/v2\/pages\/4914\/revisions\/26957"}],"wp:attachment":[{"href":"https:\/\/www.ikerlogan.com\/en\/wp-json\/wp\/v2\/media?parent=4914"}],"curies":[{"name":"wp","href":"https:\/\/api.w.org\/{rel}","templated":true}]}}